
    

    
{"id":9,"date":"2016-09-07T08:25:50","date_gmt":"2016-09-07T08:25:50","guid":{"rendered":"http:\/\/veni.tkdvl.com\/?page_id=9"},"modified":"2020-03-30T10:32:16","modified_gmt":"2020-03-30T10:32:16","slug":"contacto","status":"publish","type":"page","link":"http:\/\/nassempsicologos.com\/es\/contacto","title":{"rendered":"Contacto"},"content":{"rendered":"<p><\/p>\n<p class=\"emphasis\"><span style=\"font-size: 23px; color: #334f6e;\">Desde Nassem nos encantar\u00eda escucharte y que compartieras con nosotros tus preocupaciones y deseos. No dudes en contactar con nosotros a trav\u00e9s de nuestros correos: <span style=\"color: #f37677;\">delara@nassempsicologos.com<\/span>, <span style=\"color: #f37677;\">nacho@nassempsicologos.com<\/span>, <span style=\"color: #f37677;\">borja@nassempsicologos.com<\/span>,<br \/>\n<span style=\"color: #f37677;\">elviramperal@nassempsicologos.com<\/span> o<br \/>\n<span style=\"color: #f37677;\">amjeeva@nassempsicologos.com<\/span><\/span><\/p>\n<p class=\"emphasis\"><span style=\"font-size: 23px; color: #334f6e;\">Tambi\u00e9n puedes hacerlo a trav\u00e9s de este formulario y nos pondremos en contacto contigo lo antes posible, gracias por tu inter\u00e9s!<\/span><\/p>\n<div class=\"tk-contact-form\">\n                                    <form method=\"GET\" id=\"contactform\" class=\"contact-form\" action=\"#\" >\n                                        <div>\n                                            <textarea placeholder=\"Message&nbsp;*\" name=\"message\" id=\"contactmessage\" rows=\"6\"><\/textarea>\n                                        <\/div>\n                                        <div class=\"small-input\">\n                                            <input type=\"text\" name=\"contactname\" id=\"contactname\" placeholder=\"Name&nbsp;*\">\n                                        <\/div>\n                                        <div class=\"small-input\">\n                                            <input type=\"text\" name=\"email\" id=\"contactemail\" placeholder=\"Email&nbsp;*\">\n                                        <\/div>\n                                        <div class=\"contact-submit\">\n                                            <input name=\"submit\" type=\"submit\" id=\"send_contact\" value=\"Send\">\n                                        <\/div>\n                                        <div id=\"contact-error\"><\/div>\n                                    <\/form>\n                                <\/div>\n<p><\/p>","protected":false},"excerpt":{"rendered":"<p>If you would like to join us on our journey around the world and beyond.<\/p>\n<a class=\"read-more-link\" href=\" http:\/\/nassempsicologos.com\/es\/contacto \">Read More<\/a>","protected":false},"author":1,"featured_media":1408,"parent":0,"menu_order":0,"comment_status":"closed","ping_status":"closed","template":"","meta":{"footnotes":""},"_links":{"self":[{"href":"http:\/\/nassempsicologos.com\/es\/wp-json\/wp\/v2\/pages\/9"}],"collection":[{"href":"http:\/\/nassempsicologos.com\/es\/wp-json\/wp\/v2\/pages"}],"about":[{"href":"http:\/\/nassempsicologos.com\/es\/wp-json\/wp\/v2\/types\/page"}],"author":[{"embeddable":true,"href":"http:\/\/nassempsicologos.com\/es\/wp-json\/wp\/v2\/users\/1"}],"replies":[{"embeddable":true,"href":"http:\/\/nassempsicologos.com\/es\/wp-json\/wp\/v2\/comments?post=9"}],"version-history":[{"count":31,"href":"http:\/\/nassempsicologos.com\/es\/wp-json\/wp\/v2\/pages\/9\/revisions"}],"predecessor-version":[{"id":2582,"href":"http:\/\/nassempsicologos.com\/es\/wp-json\/wp\/v2\/pages\/9\/revisions\/2582"}],"wp:featuredmedia":[{"embeddable":true,"href":"http:\/\/nassempsicologos.com\/es\/wp-json\/wp\/v2\/media\/1408"}],"wp:attachment":[{"href":"http:\/\/nassempsicologos.com\/es\/wp-json\/wp\/v2\/media?parent=9"}],"curies":[{"name":"wp","href":"https:\/\/api.w.org\/{rel}","templated":true}]}}