{"id":7,"date":"2016-09-07T08:25:40","date_gmt":"2016-09-07T08:25:40","guid":{"rendered":"http:\/\/veni.tkdvl.com\/?page_id=7"},"modified":"2020-03-18T10:53:41","modified_gmt":"2020-03-18T10:53:41","slug":"delara-fakhr","status":"publish","type":"page","link":"http:\/\/nassempsicologos.com\/es\/quienes-somos\/delara-fakhr","title":{"rendered":"Delara Fakhr"},"content":{"rendered":"<p><img loading=\"lazy\" decoding=\"async\" class=\"alignleft wp-image-2370 size-medium\" src=\"http:\/\/nassempsicologos.com\/wp-content\/uploads\/2016\/09\/dela-33-300x294.png\" alt=\"\" width=\"300\" height=\"294\" srcset=\"http:\/\/nassempsicologos.com\/wp-content\/uploads\/2016\/09\/dela-33-300x294.png 300w, http:\/\/nassempsicologos.com\/wp-content\/uploads\/2016\/09\/dela-33-768x752.png 768w, http:\/\/nassempsicologos.com\/wp-content\/uploads\/2016\/09\/dela-33-1024x1003.png 1024w, http:\/\/nassempsicologos.com\/wp-content\/uploads\/2016\/09\/dela-33-1100x1077.png 1100w, http:\/\/nassempsicologos.com\/wp-content\/uploads\/2016\/09\/dela-33-800x783.png 800w, http:\/\/nassempsicologos.com\/wp-content\/uploads\/2016\/09\/dela-33-112x110.png 112w, http:\/\/nassempsicologos.com\/wp-content\/uploads\/2016\/09\/dela-33-225x220.png 225w, http:\/\/nassempsicologos.com\/wp-content\/uploads\/2016\/09\/dela-33.png 1153w\" sizes=\"(max-width: 300px) 100vw, 300px\" \/><\/p>\n<p class=\"emphasis\"><span style=\"font-size: 23px; color: #334f6e;\"><strong>Doctorada en Psicolog\u00eda Cl\u00ednica en EEUU (CSPP\/UCLA).<br \/>\nFundadora de Nassem<\/strong><\/span><\/p>\n<p class=\"emphasis\"><span style=\"font-size: 23px; color: #334f6e;\">Formaci\u00f3n en:<br \/>\nTerapia Gestalt<br \/>\nTerapia Transpersonal<br \/>\nWWP<br \/>\nTerapia Individual y de Pareja<br \/>\nMindfulness<br \/>\nMeditaci\u00f3n Psic\u00f3loga cl\u00ednica con experiencia en psicoterapia Gestalt y transpersonal.<\/span><\/p>\n<p class=\"emphasis\"><span style=\"font-size: 23px; color: #334f6e;\"><br \/>\nEspecialista en trabajo con adultos, adolescentes y pareja. Imparto talleres de Mindfulness para ni\u00f1os y adultos. Colaborando en la creaci\u00f3n de programas de mindfulness para adolescentes y adultos en Espa\u00f1a, EEUU e Ir\u00e1n.<\/span><\/p>\n<p class=\"emphasis\"><span style=\"font-size: 23px; color: #334f6e;\"> Durante todos estos a\u00f1os me he dedicado a profundizar e investigar en el &nbsp;tratamiento de los problemas psicol\u00f3gicos que afectan a las personas con el fin de proporcionar una amplia posibilidad de ayuda personalizada e individualizada &nbsp;para cada caso. Para ello, he realizado diferentes formaciones como por ejemplo: Gestalt, Transpersonal, Working With People, Tapping, EMDR &nbsp;entre otras con el fin de ofrecer &nbsp;un modelo ecl\u00e9ctico e integrador.<\/span><\/p>\n<p><\/p>","protected":false},"excerpt":{"rendered":"<p>Personal style is constructed by all of the stories that make us who we are.<\/p>\n<a class=\"read-more-link\" href=\" http:\/\/nassempsicologos.com\/es\/quienes-somos\/delara-fakhr \">Read More<\/a>","protected":false},"author":1,"featured_media":2006,"parent":1317,"menu_order":1,"comment_status":"closed","ping_status":"closed","template":"","meta":{"footnotes":""},"_links":{"self":[{"href":"http:\/\/nassempsicologos.com\/es\/wp-json\/wp\/v2\/pages\/7"}],"collection":[{"href":"http:\/\/nassempsicologos.com\/es\/wp-json\/wp\/v2\/pages"}],"about":[{"href":"http:\/\/nassempsicologos.com\/es\/wp-json\/wp\/v2\/types\/page"}],"author":[{"embeddable":true,"href":"http:\/\/nassempsicologos.com\/es\/wp-json\/wp\/v2\/users\/1"}],"replies":[{"embeddable":true,"href":"http:\/\/nassempsicologos.com\/es\/wp-json\/wp\/v2\/comments?post=7"}],"version-history":[{"count":79,"href":"http:\/\/nassempsicologos.com\/es\/wp-json\/wp\/v2\/pages\/7\/revisions"}],"predecessor-version":[{"id":2574,"href":"http:\/\/nassempsicologos.com\/es\/wp-json\/wp\/v2\/pages\/7\/revisions\/2574"}],"up":[{"embeddable":true,"href":"http:\/\/nassempsicologos.com\/es\/wp-json\/wp\/v2\/pages\/1317"}],"wp:featuredmedia":[{"embeddable":true,"href":"http:\/\/nassempsicologos.com\/es\/wp-json\/wp\/v2\/media\/2006"}],"wp:attachment":[{"href":"http:\/\/nassempsicologos.com\/es\/wp-json\/wp\/v2\/media?parent=7"}],"curies":[{"name":"wp","href":"https:\/\/api.w.org\/{rel}","templated":true}]}}