{"id":2561,"date":"2020-03-17T21:25:27","date_gmt":"2020-03-17T21:25:27","guid":{"rendered":"http:\/\/nassempsicologos.com\/?page_id=2561"},"modified":"2020-03-18T11:14:41","modified_gmt":"2020-03-18T11:14:41","slug":"a-martinez-peral","status":"publish","type":"page","link":"http:\/\/nassempsicologos.com\/es\/quienes-somos\/a-martinez-peral","title":{"rendered":"Elvira Mart\u00ednez Peral"},"content":{"rendered":"<p><br \/>\n<img loading=\"lazy\" decoding=\"async\" class=\"alignnone wp-image-2532 alignright\" src=\"http:\/\/nassempsicologos.com\/wp-content\/uploads\/2020\/03\/elvira-258x300.png\" alt=\"\" width=\"251\" height=\"300\"><\/p>\n<p class=\"emphasis\"><span style=\"font-size: 23px; color: #334f6e;\"><strong>Terapeuta Transpersonal<br \/>\nConsultora de Mindfulness<br \/>\nInstructora de Yoga<br \/>\nLicenciada en Derecho, Universidad Complutense<br \/>\nM\u00e1ster en Cooperaci\u00f3n al Desarrollo Sostenible, Universidad Pontificia de Comillas<\/strong><\/span><\/p>\n<p class=\"emphasis\"><span style=\"font-size: 23px; color: #334f6e;\">Formacion en:<br \/>\nTerapia Transpersonal<br \/>\nMindfulness<br \/>\nYoga<br \/>\nMeditaci\u00f3n<br \/>\nTerapia con adolescentes<br \/>\nTerapia asistida con animales<br \/>\nConstelaciones Familiares<br \/>\nSexualidad Consciente<br \/>\nBioenerg\u00e9tica y danza<\/span><\/p>\n<p class=\"emphasis\"><span style=\"font-size: 23px; color: #334f6e;\">Especializada en terapia individual y con adolescentes. Imparto talleres y cursos de Mindfulness, de creaci\u00f3n propia, para particulares y empresas.<\/span><\/p>\n<p class=\"emphasis\"><span style=\"font-size: 23px; color: #334f6e;\">Desde hace a\u00f1os dedico mi vida al acompa\u00f1amiento, tanto de adultos como de adolescentes en su desarrollo personal, vali\u00e9ndome de mi propia experiencia y conocimientos as\u00ed como del trabajo corporal, tan necesario para lograr una vida m\u00e1s plena y feliz.<\/span><\/p>\n<p><\/p>","protected":false},"excerpt":{"rendered":"<p>Personal style is constructed by all of the stories that make us who we are.<\/p>\n<a class=\"read-more-link\" href=\" http:\/\/nassempsicologos.com\/es\/quienes-somos\/a-martinez-peral \">Read More<\/a>","protected":false},"author":4,"featured_media":2563,"parent":1317,"menu_order":5,"comment_status":"closed","ping_status":"closed","template":"","meta":{"footnotes":""},"_links":{"self":[{"href":"http:\/\/nassempsicologos.com\/es\/wp-json\/wp\/v2\/pages\/2561"}],"collection":[{"href":"http:\/\/nassempsicologos.com\/es\/wp-json\/wp\/v2\/pages"}],"about":[{"href":"http:\/\/nassempsicologos.com\/es\/wp-json\/wp\/v2\/types\/page"}],"author":[{"embeddable":true,"href":"http:\/\/nassempsicologos.com\/es\/wp-json\/wp\/v2\/users\/4"}],"replies":[{"embeddable":true,"href":"http:\/\/nassempsicologos.com\/es\/wp-json\/wp\/v2\/comments?post=2561"}],"version-history":[{"count":6,"href":"http:\/\/nassempsicologos.com\/es\/wp-json\/wp\/v2\/pages\/2561\/revisions"}],"predecessor-version":[{"id":2578,"href":"http:\/\/nassempsicologos.com\/es\/wp-json\/wp\/v2\/pages\/2561\/revisions\/2578"}],"up":[{"embeddable":true,"href":"http:\/\/nassempsicologos.com\/es\/wp-json\/wp\/v2\/pages\/1317"}],"wp:featuredmedia":[{"embeddable":true,"href":"http:\/\/nassempsicologos.com\/es\/wp-json\/wp\/v2\/media\/2563"}],"wp:attachment":[{"href":"http:\/\/nassempsicologos.com\/es\/wp-json\/wp\/v2\/media?parent=2561"}],"curies":[{"name":"wp","href":"https:\/\/api.w.org\/{rel}","templated":true}]}}