{"id":2554,"date":"2020-03-17T20:41:56","date_gmt":"2020-03-17T20:41:56","guid":{"rendered":"http:\/\/nassempsicologos.com\/?page_id=2554"},"modified":"2024-02-22T09:32:53","modified_gmt":"2024-02-22T09:32:53","slug":"arulandu-mario-jeeva","status":"publish","type":"page","link":"http:\/\/nassempsicologos.com\/es\/quienes-somos\/arulandu-mario-jeeva","title":{"rendered":"Mario Jeeva Arulandu"},"content":{"rendered":"<p><br \/>\n<img loading=\"lazy\" decoding=\"async\" class=\"alignnone wp-image-2532 alignright\" src=\"http:\/\/nassempsicologos.com\/wp-content\/uploads\/2020\/03\/Arulandu-225x300.jpg\" alt=\"\" width=\"251\" height=\"300\" \/><\/p>\n<p class=\"emphasis\"><span style=\"font-size: 23px; color: #334f6e;\"><strong>Psic\u00f3logo General Sanitario.<br \/>\nLicenciado en Psicolog\u00eda por la Universidad Pontificia de Comillas. (Madrid)<br \/>\nM\u00e1ster en Terapia de Familia y de Pareja por la Universidad Pontificia de Comillas  (Madrid)<br \/>\nEspecialista en Duelo por la Universidad de Ramon Llull (Barcelona)<br \/>\nEspecialista en el Enfoque Gest\u00e1ltico en el Instituto de Interacci\u00f3n (Madrid)<br \/>\nN\u00famero de colegiado: M-29528<\/strong><\/span><\/p>\n<p class=\"emphasis\"><span style=\"font-size: 23px; color: #334f6e;\">Formacion en:<br \/>\nTerapia Sist\u00e9mica<br \/>\nTerapia narrativa<br \/>\nEneagrama<br \/>\nMeditaci\u00f3n Vipassana y Mindfulness<br \/>\nHatha Yoga<\/span><\/p>\n<p class=\"emphasis\"><span style=\"font-size: 23px; color: #334f6e;\">Idiomas Espa\u00f1ol, Ingl\u00e9s, Tamil e Hindi<br \/>\nM\u00e1s de 9 a\u00f1os en el sector. Experiencia en Counselling en \u00e1mbitos de exclusi\u00f3n social desde la terapia narrativa, en trastornos de ansiedad, duelo, crisis del ciclo vital y de pareja y en cuadros depresivos.<br \/>\nExperiencia de trabajo tanto con poblaci\u00f3n infantojuvenil como adultos<br \/>\nDesde el a\u00f1o 2013 ofreciendo diversos talleres y cursos de crecimiento personal.<br \/>\nDesde el a\u00f1o 2017 colaborando en el Centro de Escucha \u2013 C\u00e1ritas (Madrid).<br \/>\nColaborador habitual en dos centros m\u00e9dicos y en el apoyo al empleo.<br \/>\nImparte cursos de Meditaci\u00f3n Vipassana,  psychosomatic experiencing y autoconocimiento (los martes de 20 a 21h. &#8211; Modalidad Online) para m\u00e1s informaci\u00f3n: amjeeva@gmail.com<\/span><\/p>\n<p><\/p>","protected":false},"excerpt":{"rendered":"<p>Personal style is constructed by all of the stories that make us who we are.<\/p>\n<a class=\"read-more-link\" href=\" http:\/\/nassempsicologos.com\/es\/quienes-somos\/arulandu-mario-jeeva \">Read More<\/a>","protected":false},"author":4,"featured_media":2555,"parent":1317,"menu_order":4,"comment_status":"closed","ping_status":"closed","template":"","meta":{"footnotes":""},"_links":{"self":[{"href":"http:\/\/nassempsicologos.com\/es\/wp-json\/wp\/v2\/pages\/2554"}],"collection":[{"href":"http:\/\/nassempsicologos.com\/es\/wp-json\/wp\/v2\/pages"}],"about":[{"href":"http:\/\/nassempsicologos.com\/es\/wp-json\/wp\/v2\/types\/page"}],"author":[{"embeddable":true,"href":"http:\/\/nassempsicologos.com\/es\/wp-json\/wp\/v2\/users\/4"}],"replies":[{"embeddable":true,"href":"http:\/\/nassempsicologos.com\/es\/wp-json\/wp\/v2\/comments?post=2554"}],"version-history":[{"count":39,"href":"http:\/\/nassempsicologos.com\/es\/wp-json\/wp\/v2\/pages\/2554\/revisions"}],"predecessor-version":[{"id":2623,"href":"http:\/\/nassempsicologos.com\/es\/wp-json\/wp\/v2\/pages\/2554\/revisions\/2623"}],"up":[{"embeddable":true,"href":"http:\/\/nassempsicologos.com\/es\/wp-json\/wp\/v2\/pages\/1317"}],"wp:featuredmedia":[{"embeddable":true,"href":"http:\/\/nassempsicologos.com\/es\/wp-json\/wp\/v2\/media\/2555"}],"wp:attachment":[{"href":"http:\/\/nassempsicologos.com\/es\/wp-json\/wp\/v2\/media?parent=2554"}],"curies":[{"name":"wp","href":"https:\/\/api.w.org\/{rel}","templated":true}]}}