{"id":2522,"date":"2019-10-23T11:15:44","date_gmt":"2019-10-23T11:15:44","guid":{"rendered":"http:\/\/nassempsicologos.com\/?page_id=2522"},"modified":"2020-03-17T20:39:38","modified_gmt":"2020-03-17T20:39:38","slug":"borja-garcia-gasset","status":"publish","type":"page","link":"http:\/\/nassempsicologos.com\/es\/quienes-somos\/borja-garcia-gasset","title":{"rendered":"Borja Garcia Gasset"},"content":{"rendered":"<p><br \/>\n<img loading=\"lazy\" decoding=\"async\" class=\"alignnone wp-image-2532 alignright\" src=\"http:\/\/nassempsicologos.com\/wp-content\/uploads\/2019\/10\/Captura-de-pantalla-2019-10-30-a-las-12.17.06-251x300.png\" alt=\"\" width=\"251\" height=\"300\" srcset=\"http:\/\/nassempsicologos.com\/wp-content\/uploads\/2019\/10\/Captura-de-pantalla-2019-10-30-a-las-12.17.06-251x300.png 251w, http:\/\/nassempsicologos.com\/wp-content\/uploads\/2019\/10\/Captura-de-pantalla-2019-10-30-a-las-12.17.06-92x110.png 92w, http:\/\/nassempsicologos.com\/wp-content\/uploads\/2019\/10\/Captura-de-pantalla-2019-10-30-a-las-12.17.06-184x220.png 184w, http:\/\/nassempsicologos.com\/wp-content\/uploads\/2019\/10\/Captura-de-pantalla-2019-10-30-a-las-12.17.06.png 552w\" sizes=\"(max-width: 251px) 100vw, 251px\" \/><\/p>\n<p class=\"emphasis\"><span style=\"font-size: 23px; color: #334f6e;\"><strong>Psic\u00f3logo general sanitario, Terapeuta SHEC y EMDR.<br \/>\nLicenciado en Psicolog\u00eda por la Universidad Pontificia de Comillas.<\/strong><\/span><\/p>\n<p class=\"emphasis\"><span style=\"font-size: 23px; color: #334f6e;\">Formaci\u00f3n en:<br \/>\nMaster en terapia de interacci\u00f3n reciproca por el instituto europeo de psicoterapias de tiempo limitado.<br \/>\nExperto en hipnosis, memoria emocional traum\u00e1tica, ansiedad y trastornos psicosom\u00e1ticos.<br \/>\nTerapeuta EMDR formado por el instituto espa\u00f1ol de EMDR<br \/>\nTerapeuta SHEC.<br \/>\nFormado en Emotion Focused Therapy level I con Leslie Greenberg, York Univertsity<br \/>\nForm\u00e1ndome en terapia Gestalt por la escuela Madrile\u00f1a de Terapia Gestalt, EMTG.<br \/>\nProfesor de Qi gong y Taich\u00ed por la fundaci\u00f3n Hun Yuan taich\u00ed Chuan Espa\u00f1a.<\/span><\/p>\n<p class=\"emphasis\"><span style=\"font-size: 23px; color: #334f6e;\">Especializado en terapia individual. Desde muy pronto empez\u00f3 mi inter\u00e9s por la salud en todos sus \u00e1mbitos, centr\u00e1ndome especialmente en la psicolog\u00eda, apoy\u00e1ndome tambi\u00e9n en el cultivo del cuerpo a trav\u00e9s de las artes marciales y la pr\u00e1ctica de la meditaci\u00f3n.<\/span><\/p>\n<p class=\"emphasis\"><span style=\"font-size: 23px; color: #334f6e;\">Utilizo mis herramientas para acompa\u00f1ar a las personas en su proceso de crecimiento personal, facilitando el desarrollo de recursos para vivir una vida m\u00e1s plena y saludable.<\/span><\/p>\n<p><\/p>","protected":false},"excerpt":{"rendered":"<p>Personal style is constructed by all of the stories that make us who we are.<\/p>\n<a class=\"read-more-link\" href=\" http:\/\/nassempsicologos.com\/es\/quienes-somos\/borja-garcia-gasset \">Read More<\/a>","protected":false},"author":4,"featured_media":2532,"parent":1317,"menu_order":3,"comment_status":"closed","ping_status":"closed","template":"","meta":{"footnotes":""},"_links":{"self":[{"href":"http:\/\/nassempsicologos.com\/es\/wp-json\/wp\/v2\/pages\/2522"}],"collection":[{"href":"http:\/\/nassempsicologos.com\/es\/wp-json\/wp\/v2\/pages"}],"about":[{"href":"http:\/\/nassempsicologos.com\/es\/wp-json\/wp\/v2\/types\/page"}],"author":[{"embeddable":true,"href":"http:\/\/nassempsicologos.com\/es\/wp-json\/wp\/v2\/users\/4"}],"replies":[{"embeddable":true,"href":"http:\/\/nassempsicologos.com\/es\/wp-json\/wp\/v2\/comments?post=2522"}],"version-history":[{"count":5,"href":"http:\/\/nassempsicologos.com\/es\/wp-json\/wp\/v2\/pages\/2522\/revisions"}],"predecessor-version":[{"id":2543,"href":"http:\/\/nassempsicologos.com\/es\/wp-json\/wp\/v2\/pages\/2522\/revisions\/2543"}],"up":[{"embeddable":true,"href":"http:\/\/nassempsicologos.com\/es\/wp-json\/wp\/v2\/pages\/1317"}],"wp:featuredmedia":[{"embeddable":true,"href":"http:\/\/nassempsicologos.com\/es\/wp-json\/wp\/v2\/media\/2532"}],"wp:attachment":[{"href":"http:\/\/nassempsicologos.com\/es\/wp-json\/wp\/v2\/media?parent=2522"}],"curies":[{"name":"wp","href":"https:\/\/api.w.org\/{rel}","templated":true}]}}