{"id":1775,"date":"2017-03-18T19:47:31","date_gmt":"2017-03-18T19:47:31","guid":{"rendered":"http:\/\/nassempsicologos.com\/?page_id=1775"},"modified":"2020-03-18T10:54:39","modified_gmt":"2020-03-18T10:54:39","slug":"jose-ignacio-mahiques-meseguer","status":"publish","type":"page","link":"http:\/\/nassempsicologos.com\/es\/quienes-somos\/jose-ignacio-mahiques-meseguer","title":{"rendered":"Nacho Mahiques"},"content":{"rendered":"<p><img loading=\"lazy\" decoding=\"async\" class=\"wp-image-2269 alignright\" src=\"http:\/\/nassempsicologos.com\/wp-content\/uploads\/2017\/05\/nacho-33-300x294.png\" alt=\"\" width=\"400\" height=\"392\" srcset=\"http:\/\/nassempsicologos.com\/wp-content\/uploads\/2017\/05\/nacho-33-300x294.png 300w, http:\/\/nassempsicologos.com\/wp-content\/uploads\/2017\/05\/nacho-33-768x752.png 768w, http:\/\/nassempsicologos.com\/wp-content\/uploads\/2017\/05\/nacho-33-1024x1003.png 1024w, http:\/\/nassempsicologos.com\/wp-content\/uploads\/2017\/05\/nacho-33-1100x1077.png 1100w, http:\/\/nassempsicologos.com\/wp-content\/uploads\/2017\/05\/nacho-33-800x783.png 800w, http:\/\/nassempsicologos.com\/wp-content\/uploads\/2017\/05\/nacho-33-112x110.png 112w, http:\/\/nassempsicologos.com\/wp-content\/uploads\/2017\/05\/nacho-33-225x220.png 225w, http:\/\/nassempsicologos.com\/wp-content\/uploads\/2017\/05\/nacho-33.png 1153w\" sizes=\"(max-width: 400px) 100vw, 400px\" \/><\/p>\n<p class=\"emphasis\"><span style=\"font-size: 23px; color: #334f6e;\"><strong>Psic\u00f3logo cl\u00ednico, terapeuta Gestalt y Transpersonal.<br \/>\nLicenciado en Psicolog\u00eda por la Universidad Pontificia de Comillas.<br \/>\nN\u00famero de colegiado: M-29158<br \/>\nLicenciado en Empresariales y MBA<br \/>\nFundador de Nassem<\/strong><\/span><\/p>\n<p class=\"emphasis\"><span style=\"font-size: 23px; color: #334f6e;\">Formacion en:<br \/>\nTerapia Gestalt<br \/>\nTerapia Transpersonal<br \/>\nTerapia Sist\u00e9mica<br \/>\nConstelaciones Familiares<br \/>\nEneagrama, habiendo completado el programa SAT de Claudio Naranjo<br \/>\nPNL<br \/>\nSomatic Experiencing<br \/>\nWorking With People<br \/>\nInstructor de Mindfulness<br \/>\nMeditaci\u00f3n Vipassana.<br \/>\nTantra.<\/span><\/p>\n<p class=\"emphasis\"><span style=\"font-size: 23px; color: #334f6e;\">Especializado en terapia individual y de pareja.<br \/>\nIdiomas Espa\u00f1ol e Ingl\u00e9s.<br \/>\nM\u00e1s de veinte a\u00f1os dedicado al trabajo psicoterap\u00e9utico, empezando por el m\u00edo propio. Formado en diversas t\u00e9cnicas &nbsp;de orientaci\u00f3n humanista antes descritas. Experiencia en trastornos de ansiedad, trastornos de estr\u00e9s postraum\u00e1tico, duelo y herencias, crisis del ciclo vital y de pareja.<\/span><\/p>\n<p class=\"emphasis\"><span style=\"font-size: 23px; color: #334f6e;\">A lo largo de estos a\u00f1os he ofrecido y creado diversos talleres de crecimiento personal y Mindfulness en Espa\u00f1a y otros pa\u00edses.<\/span><\/p>\n<p><\/p>","protected":false},"excerpt":{"rendered":"<p>Personal style is constructed by all of the stories that make us who we are.<\/p>\n<a class=\"read-more-link\" href=\" http:\/\/nassempsicologos.com\/es\/quienes-somos\/jose-ignacio-mahiques-meseguer \">Read More<\/a>","protected":false},"author":1,"featured_media":2269,"parent":1317,"menu_order":2,"comment_status":"closed","ping_status":"closed","template":"","meta":{"footnotes":""},"_links":{"self":[{"href":"http:\/\/nassempsicologos.com\/es\/wp-json\/wp\/v2\/pages\/1775"}],"collection":[{"href":"http:\/\/nassempsicologos.com\/es\/wp-json\/wp\/v2\/pages"}],"about":[{"href":"http:\/\/nassempsicologos.com\/es\/wp-json\/wp\/v2\/types\/page"}],"author":[{"embeddable":true,"href":"http:\/\/nassempsicologos.com\/es\/wp-json\/wp\/v2\/users\/1"}],"replies":[{"embeddable":true,"href":"http:\/\/nassempsicologos.com\/es\/wp-json\/wp\/v2\/comments?post=1775"}],"version-history":[{"count":40,"href":"http:\/\/nassempsicologos.com\/es\/wp-json\/wp\/v2\/pages\/1775\/revisions"}],"predecessor-version":[{"id":2575,"href":"http:\/\/nassempsicologos.com\/es\/wp-json\/wp\/v2\/pages\/1775\/revisions\/2575"}],"up":[{"embeddable":true,"href":"http:\/\/nassempsicologos.com\/es\/wp-json\/wp\/v2\/pages\/1317"}],"wp:featuredmedia":[{"embeddable":true,"href":"http:\/\/nassempsicologos.com\/es\/wp-json\/wp\/v2\/media\/2269"}],"wp:attachment":[{"href":"http:\/\/nassempsicologos.com\/es\/wp-json\/wp\/v2\/media?parent=1775"}],"curies":[{"name":"wp","href":"https:\/\/api.w.org\/{rel}","templated":true}]}}