{"id":1614,"date":"2017-03-17T12:47:47","date_gmt":"2017-03-17T12:47:47","guid":{"rendered":"http:\/\/nassempsicologos.com\/?page_id=1614"},"modified":"2017-08-08T12:55:19","modified_gmt":"2017-08-08T12:55:19","slug":"terapia-individual","status":"publish","type":"page","link":"http:\/\/nassempsicologos.com\/es\/terapias\/terapia-individual","title":{"rendered":"Individual"},"content":{"rendered":"<p><\/p>\n<p class=\"emphasis\"><span style=\"font-size: 23px; color: #334f6e;\">Es un proceso de acompa\u00f1amiento \u00a0profesional y personalizado en t\u00e9rminos de frecuencia y duraci\u00f3n para cada persona.<\/span><\/p>\n<p class=\"emphasis\"><span style=\"font-size: 23px; color: #334f6e;\">La primera sesi\u00f3n es de 30 minutos, gratuita, en la cual se realizar\u00e1 \u00a0una primera valoraci\u00f3n del proceso terap\u00e9utico a seguir.\u00a0<\/span><\/p>\n<p class=\"emphasis\"><span style=\"font-size: 23px; color: #334f6e;\"><img loading=\"lazy\" decoding=\"async\" class=\"size-medium wp-image-2280 alignright\" src=\"http:\/\/nassempsicologos.com\/wp-content\/uploads\/2017\/03\/ARCHIVOS-NASSEM-WEB-34-300x226.png\" alt=\"\" width=\"300\" height=\"226\" srcset=\"http:\/\/nassempsicologos.com\/wp-content\/uploads\/2017\/03\/ARCHIVOS-NASSEM-WEB-34-300x226.png 300w, http:\/\/nassempsicologos.com\/wp-content\/uploads\/2017\/03\/ARCHIVOS-NASSEM-WEB-34-768x579.png 768w, http:\/\/nassempsicologos.com\/wp-content\/uploads\/2017\/03\/ARCHIVOS-NASSEM-WEB-34-800x603.png 800w, http:\/\/nassempsicologos.com\/wp-content\/uploads\/2017\/03\/ARCHIVOS-NASSEM-WEB-34-146x110.png 146w, http:\/\/nassempsicologos.com\/wp-content\/uploads\/2017\/03\/ARCHIVOS-NASSEM-WEB-34-292x220.png 292w, http:\/\/nassempsicologos.com\/wp-content\/uploads\/2017\/03\/ARCHIVOS-NASSEM-WEB-34.png 878w\" sizes=\"(max-width: 300px) 100vw, 300px\" \/><\/span><\/p>\n<p><\/p>","protected":false},"excerpt":{"rendered":"<p>Es un proceso de acompa\u00f1amiento \u00a0profesional y personalizado en t\u00e9rminos de frecuencia y duraci\u00f3n para cada persona. La primera sesi\u00f3n es de 30 minutos, gratuita, en la cual se realizar\u00e1 \u00a0una primera valoraci\u00f3n del proceso terap\u00e9utico a seguir.\u00a0<\/p>\n<a class=\"read-more-link\" href=\" http:\/\/nassempsicologos.com\/es\/terapias\/terapia-individual \">Read More<\/a>","protected":false},"author":1,"featured_media":0,"parent":1319,"menu_order":0,"comment_status":"closed","ping_status":"closed","template":"","meta":{"footnotes":""},"_links":{"self":[{"href":"http:\/\/nassempsicologos.com\/es\/wp-json\/wp\/v2\/pages\/1614"}],"collection":[{"href":"http:\/\/nassempsicologos.com\/es\/wp-json\/wp\/v2\/pages"}],"about":[{"href":"http:\/\/nassempsicologos.com\/es\/wp-json\/wp\/v2\/types\/page"}],"author":[{"embeddable":true,"href":"http:\/\/nassempsicologos.com\/es\/wp-json\/wp\/v2\/users\/1"}],"replies":[{"embeddable":true,"href":"http:\/\/nassempsicologos.com\/es\/wp-json\/wp\/v2\/comments?post=1614"}],"version-history":[{"count":26,"href":"http:\/\/nassempsicologos.com\/es\/wp-json\/wp\/v2\/pages\/1614\/revisions"}],"predecessor-version":[{"id":2461,"href":"http:\/\/nassempsicologos.com\/es\/wp-json\/wp\/v2\/pages\/1614\/revisions\/2461"}],"up":[{"embeddable":true,"href":"http:\/\/nassempsicologos.com\/es\/wp-json\/wp\/v2\/pages\/1319"}],"wp:attachment":[{"href":"http:\/\/nassempsicologos.com\/es\/wp-json\/wp\/v2\/media?parent=1614"}],"curies":[{"name":"wp","href":"https:\/\/api.w.org\/{rel}","templated":true}]}}