{"id":1546,"date":"2017-03-17T00:25:22","date_gmt":"2017-03-17T00:25:22","guid":{"rendered":"http:\/\/nassempsicologos.com\/?page_id=1546"},"modified":"2017-08-08T11:27:24","modified_gmt":"2017-08-08T11:27:24","slug":"la-psicoterapia","status":"publish","type":"page","link":"http:\/\/nassempsicologos.com\/es\/la-psicoterapia","title":{"rendered":"La Psicoterapia"},"content":{"rendered":"<p><\/p>\n<p class=\"emphasis\"><span style=\"font-size: 23px; color: #334f6e;\">La terapia psicol\u00f3gica o psicoterapia es un espacio de reflexi\u00f3n en donde tiene lugar el encuentro con uno mismo, a trav\u00e9s de la relaci\u00f3n de ayuda que presta un profesional.<br \/>\nEl objetivo es alcanzar un estado de bienestar f\u00edsico, mental y social.<br \/>\nPor tanto, la psicoterapia adem\u00e1s de \u201creparar\u201d y \u201ccurar\u201d, busca potenciar el desarrollo personal de uno mismo.<\/span><\/p>\n<p class=\"emphasis\"><span style=\"font-size: 23px; color: #334f6e;\">Los valores importantes en la terapia son:<br \/>\nApoyo incondicional<br \/>\nConfidencialidad<br \/>\nHonestidad<br \/>\nColaboraci\u00f3n mutua<\/span><\/p>\n<p class=\"emphasis\"><span style=\"font-size: 23px; color: #334f6e;\">Trabajamos desde una visi\u00f3n global de la persona:\u00a0psicol\u00f3gica, f\u00edsica, social y espiritual.<\/span><\/p>\n<p><img loading=\"lazy\" decoding=\"async\" class=\"alignright wp-image-2287\" src=\"http:\/\/nassempsicologos.com\/wp-content\/uploads\/2017\/05\/ARCHIVOS-NASSEM-WEB3-34-300x226.png\" alt=\"\" width=\"400\" height=\"302\" srcset=\"http:\/\/nassempsicologos.com\/wp-content\/uploads\/2017\/05\/ARCHIVOS-NASSEM-WEB3-34-300x226.png 300w, http:\/\/nassempsicologos.com\/wp-content\/uploads\/2017\/05\/ARCHIVOS-NASSEM-WEB3-34-768x579.png 768w, http:\/\/nassempsicologos.com\/wp-content\/uploads\/2017\/05\/ARCHIVOS-NASSEM-WEB3-34-800x603.png 800w, http:\/\/nassempsicologos.com\/wp-content\/uploads\/2017\/05\/ARCHIVOS-NASSEM-WEB3-34-146x110.png 146w, http:\/\/nassempsicologos.com\/wp-content\/uploads\/2017\/05\/ARCHIVOS-NASSEM-WEB3-34-292x220.png 292w, http:\/\/nassempsicologos.com\/wp-content\/uploads\/2017\/05\/ARCHIVOS-NASSEM-WEB3-34.png 878w\" sizes=\"(max-width: 400px) 100vw, 400px\" \/><\/p>\n<p><\/p>","protected":false},"excerpt":{"rendered":"<p>La psicoterapia es un espacio de reflexi\u00f3n en donde tiene lugar el encuentro con uno mismo, a trav\u00e9s de la relaci\u00f3n de ayuda que presta un profesional.<\/p>\n<a class=\"read-more-link\" href=\" http:\/\/nassempsicologos.com\/es\/la-psicoterapia \">Read More<\/a>","protected":false},"author":1,"featured_media":1711,"parent":0,"menu_order":0,"comment_status":"closed","ping_status":"closed","template":"","meta":{"footnotes":""},"_links":{"self":[{"href":"http:\/\/nassempsicologos.com\/es\/wp-json\/wp\/v2\/pages\/1546"}],"collection":[{"href":"http:\/\/nassempsicologos.com\/es\/wp-json\/wp\/v2\/pages"}],"about":[{"href":"http:\/\/nassempsicologos.com\/es\/wp-json\/wp\/v2\/types\/page"}],"author":[{"embeddable":true,"href":"http:\/\/nassempsicologos.com\/es\/wp-json\/wp\/v2\/users\/1"}],"replies":[{"embeddable":true,"href":"http:\/\/nassempsicologos.com\/es\/wp-json\/wp\/v2\/comments?post=1546"}],"version-history":[{"count":48,"href":"http:\/\/nassempsicologos.com\/es\/wp-json\/wp\/v2\/pages\/1546\/revisions"}],"predecessor-version":[{"id":2441,"href":"http:\/\/nassempsicologos.com\/es\/wp-json\/wp\/v2\/pages\/1546\/revisions\/2441"}],"wp:featuredmedia":[{"embeddable":true,"href":"http:\/\/nassempsicologos.com\/es\/wp-json\/wp\/v2\/media\/1711"}],"wp:attachment":[{"href":"http:\/\/nassempsicologos.com\/es\/wp-json\/wp\/v2\/media?parent=1546"}],"curies":[{"name":"wp","href":"https:\/\/api.w.org\/{rel}","templated":true}]}}