{"id":1325,"date":"2017-03-12T01:29:34","date_gmt":"2017-03-12T01:29:34","guid":{"rendered":"http:\/\/nassempsicologos.com\/?page_id=1325"},"modified":"2017-08-08T13:00:49","modified_gmt":"2017-08-08T13:00:49","slug":"testimonios","status":"publish","type":"page","link":"http:\/\/nassempsicologos.com\/es\/testimonios","title":{"rendered":"Testimonios"},"content":{"rendered":"<p><\/p>\n<blockquote>\n<p style=\"text-align: center;\"><span style=\"color: #334f6e;\">Mi pareja y yo estamos muy agradecidos por vuestro acompa\u00f1amiento y profesionalidad en un momento de crisis matrimonial. Gracias a la toma de consciencia de nuestros mecanismos, hemos podido reconstruirnos y volver a encontrar lo esencial.<\/span><\/p>\n<\/blockquote>\n<p style=\"text-align: center;\"><em>Hombre, 38 a\u00f1os<\/em><\/p>\n<blockquote>\n<p style=\"text-align: center;\"><span style=\"color: #334f6e;\">Gracias a vuestro acompa\u00f1amiento hemos aprendido, a comunicarnos mejor, a ser menos dependientes el uno del otro y hacernos responsables cada uno de nuestras carencias. Fuimos a veros para tratar de recuperar nuestra relaci\u00f3n sexual y hemos recuperado mucho m\u00e1s que eso. Tambi\u00e9n hemos podido comprender como la familia de origen de cada uno est\u00e1 presente en nuestra relaci\u00f3n. <\/span><\/p>\n<\/blockquote>\n<p style=\"text-align: center;\"><em>Mujer, 46 a\u00f1os<\/em><\/p>\n<blockquote>\n<p style=\"text-align: center;\"><span style=\"color: #334f6e;\">Querida Dela. Gracias a tu profesionalidad y entrega He adquirido consciencia de c\u00f3mo soy y de d\u00f3nde vienen mis reacciones e inseguridades. Me conozco m\u00e1s , me quiero m\u00e1s y me gestiono mejor.<br \/>\nAprendo a vivir plenamente con lo que soy y tengo, y no busco mi felicidad en el exterior. Much\u00edsimas gracias.<\/span><\/p>\n<\/blockquote>\n<p style=\"text-align: center;\"><em>Mujer, 43 a\u00f1os<\/em><\/p>\n<blockquote>\n<p style=\"text-align: center;\"><span style=\"color: #334f6e;\">Delara es una magn\u00edfica profesional que me ha ayudado superar mis bajones y conseguir un estado de paz y bien estar. \u00a0Gracias a tu entrega y profesionalidad he podido superar mis miedos y aprender de vivir m\u00e1s desde mi fuerza interior.<br \/>\nMuch\u00edsimas gracias!<\/span><\/p>\n<\/blockquote>\n<p style=\"text-align: center;\"><em>Hombre, 31 a\u00f1os<\/em><\/p>\n<blockquote>\n<p style=\"text-align: center;\"><span style=\"color: #334f6e;\">Much\u00edsimas gracias Nacho, \u00a0por tu acompa\u00f1amiento y presencia. Tras pasar por varios terapeutas, por primera vez me siento a gusto y confiado. He podido comprender los mecanismos que me estaban creando tantas dificultades.<br \/>\nSiento que esta terapia me est\u00e1 ayudando mucho y transformando profundamente.<br \/>\nTe estoy muy agradecido por tu gran labor. Gracias!<\/span><\/p>\n<\/blockquote>\n<p style=\"text-align: center;\"><em>Hombre, 39 a\u00f1os<\/em><\/p>\n<blockquote>\n<p style=\"text-align: center;\"><span style=\"color: #334f6e;\">Querido Nacho.<br \/>\nTe quiero expresar mi agradecimiento\u00a0por tu\u00a0presencia profunda durante la terapia. Tus palabras siempre llegan al coraz\u00f3n y me ayudan a conectar con mi fuerza interior. Tienes un don para tocar mi alma y sabes c\u00f3mo tranquilizar y ayudar a sanar mi parte herida. Te doy las gracias.\u00a0<\/span><\/p>\n<\/blockquote>\n<p style=\"text-align: center;\"><em>Mujer, 42 a\u00f1os<\/em><\/p>\n<p><\/p>","protected":false},"excerpt":{"rendered":"<p>Mi pareja y yo estamos muy agradecidos por vuestro acompa\u00f1amiento y profesionalidad en un momento de crisis matrimonial. Gracias a la toma de consciencia de nuestros mecanismos, hemos podido reconstruirnos y volver a encontrar lo esencial. Hombre, 38 a\u00f1os Gracias a vuestro acompa\u00f1amiento hemos aprendido, a comunicarnos mejor, a ser menos dependientes el uno del&hellip;<\/p>\n<a class=\"read-more-link\" href=\" http:\/\/nassempsicologos.com\/es\/testimonios \">Read More<\/a>","protected":false},"author":1,"featured_media":0,"parent":0,"menu_order":0,"comment_status":"closed","ping_status":"closed","template":"","meta":{"footnotes":""},"_links":{"self":[{"href":"http:\/\/nassempsicologos.com\/es\/wp-json\/wp\/v2\/pages\/1325"}],"collection":[{"href":"http:\/\/nassempsicologos.com\/es\/wp-json\/wp\/v2\/pages"}],"about":[{"href":"http:\/\/nassempsicologos.com\/es\/wp-json\/wp\/v2\/types\/page"}],"author":[{"embeddable":true,"href":"http:\/\/nassempsicologos.com\/es\/wp-json\/wp\/v2\/users\/1"}],"replies":[{"embeddable":true,"href":"http:\/\/nassempsicologos.com\/es\/wp-json\/wp\/v2\/comments?post=1325"}],"version-history":[{"count":30,"href":"http:\/\/nassempsicologos.com\/es\/wp-json\/wp\/v2\/pages\/1325\/revisions"}],"predecessor-version":[{"id":2462,"href":"http:\/\/nassempsicologos.com\/es\/wp-json\/wp\/v2\/pages\/1325\/revisions\/2462"}],"wp:attachment":[{"href":"http:\/\/nassempsicologos.com\/es\/wp-json\/wp\/v2\/media?parent=1325"}],"curies":[{"name":"wp","href":"https:\/\/api.w.org\/{rel}","templated":true}]}}