{"id":1323,"date":"2017-03-12T00:34:16","date_gmt":"2017-03-12T00:34:16","guid":{"rendered":"http:\/\/nassempsicologos.com\/?page_id=1323"},"modified":"2017-08-03T15:48:15","modified_gmt":"2017-08-03T15:48:15","slug":"tecnicas","status":"publish","type":"page","link":"http:\/\/nassempsicologos.com\/es\/tecnicas","title":{"rendered":"C\u00f3mo Ayudarte"},"content":{"rendered":"<p><\/p>\n<p class=\"emphasis\"><span style=\"font-size: 23px;\"><strong><span style=\"color: #334f6e;\">1. Terapia Gestalt<\/span><\/strong><\/span><\/p>\n<p class=\"emphasis\"><span style=\"font-size: 23px; color: #334f6e;\">La Terapia Gestalt aborda al ser humano desde una perspectiva integradora de sus diferentes dimensiones.<br \/>\nSe trata de que la persona vaya desarrollando su potencial para pasar de su apoyo externo a su propio apoyo. Es una terapia centrada en el presente donde los asuntos pendientes del pasado se traen al aqu\u00ed y ahora.<\/span><\/p>\n<p class=\"emphasis\"><span style=\"font-size: 23px; color: #334f6e;\"><strong><span style=\"color: #334f6e;\">2.\u00a0Mindfulness<\/span><\/strong><\/span><\/p>\n<p class=\"emphasis\"><span style=\"font-size: 23px; color: #334f6e;\">Mindfulness consiste en un ejercicio de atenci\u00f3n en el momento presente, a los pensamientos, sensaciones corporales, \u00a0emociones y el ambiente externo, acept\u00e1ndolos sin valorar si son correctos o no.<br \/>\nLos estudios cient\u00edficos avalan la eficacia de Mindfulness para gestionar el estr\u00e9s y la ansiedad obteniendo as\u00ed una mejor calidad de vida.<\/span><\/p>\n<p class=\"emphasis\"><span style=\"font-size: 23px;\"><strong><span style=\"color: #334f6e;\">3. Terapia Transpersonal <\/span><\/strong><\/span><\/p>\n<p class=\"emphasis\"><span style=\"font-size: 23px; color: #334f6e;\">Desde la perspectiva integradora del ser humano, el enfoque transpersonal nos lleva a valorar aquello que trasciende al car\u00e1cter y la personalidad del individuo.<br \/>\nEste enfoque permite ensanchar la mirada y expandir la autoconciencia.<\/span><\/p>\n<p class=\"emphasis\"><span style=\"font-size: 23px;\"><strong><span style=\"color: #334f6e;\">4. PNL<\/span><\/strong><\/span><\/p>\n<p class=\"emphasis\"><span style=\"font-size: 23px; color: #334f6e;\">Creada por Richard Bandler y John Grinder en California en la d\u00e9cada de setenta la PNL trabaja desde la conexi\u00f3n existente con los procesos neurol\u00f3gicos y ling\u00fc\u00edsticos y los patrones de comportamiento aprendidos a trav\u00e9s de la experiencia vital del individuo. Proponiendo cambios para lograr objetivos espec\u00edficos en la vida.<\/span><\/p>\n<p class=\"emphasis\"><span style=\"font-size: 23px; color: #334f6e;\"><strong>5. Terapia para el Trauma<\/strong><\/span><\/p>\n<p class=\"emphasis\"><span style=\"font-size: 23px; color: #334f6e;\"><strong>&#8211; SOMATIC EXPERIENCING:<\/strong><br \/>\nEs un efoque terap\u00e9utico basado en la observaci\u00f3n de la naturaleza desarrollado por el doctor Peter Levine cuyo objetivo es la resoluci\u00f3n y curaci\u00f3n del trauma.<\/span><\/p>\n<p class=\"emphasis\"><span style=\"font-size: 23px; color: #334f6e;\"><strong>&#8211; EMDR:<\/strong><br \/>\nEMDR es el acr\u00f3nimo en ingl\u00e9s de Eye Movement Disensitization and Reprocessing. (Desensibilizacion y Reprocesamiento por movimientos oculares).<br \/>\nEsta t\u00e9cnica utiliza la estimulaci\u00f3n bilateral cerebral para producir un flujo de informaci\u00f3n entre ambos hemisferios cerebrales. Informaci\u00f3n que estaba bloqueada, como consecuencia de un trauma, y logra una desensibilizacion de las emociones inadecuadas, estimulando al celebr\u00f3 para encontrar nuevas soluciones.<\/span><\/p>\n<p><\/p>","protected":false},"excerpt":{"rendered":"<p>En Nassem abordamos Terapia Gestalt, Mindfulness, Terapia Transpersonal y diferentes Terapias para el Trauma.<\/p>\n<a class=\"read-more-link\" href=\" http:\/\/nassempsicologos.com\/es\/tecnicas \">Read More<\/a>","protected":false},"author":1,"featured_media":1403,"parent":0,"menu_order":0,"comment_status":"closed","ping_status":"closed","template":"","meta":{"footnotes":""},"_links":{"self":[{"href":"http:\/\/nassempsicologos.com\/es\/wp-json\/wp\/v2\/pages\/1323"}],"collection":[{"href":"http:\/\/nassempsicologos.com\/es\/wp-json\/wp\/v2\/pages"}],"about":[{"href":"http:\/\/nassempsicologos.com\/es\/wp-json\/wp\/v2\/types\/page"}],"author":[{"embeddable":true,"href":"http:\/\/nassempsicologos.com\/es\/wp-json\/wp\/v2\/users\/1"}],"replies":[{"embeddable":true,"href":"http:\/\/nassempsicologos.com\/es\/wp-json\/wp\/v2\/comments?post=1323"}],"version-history":[{"count":81,"href":"http:\/\/nassempsicologos.com\/es\/wp-json\/wp\/v2\/pages\/1323\/revisions"}],"predecessor-version":[{"id":2394,"href":"http:\/\/nassempsicologos.com\/es\/wp-json\/wp\/v2\/pages\/1323\/revisions\/2394"}],"wp:featuredmedia":[{"embeddable":true,"href":"http:\/\/nassempsicologos.com\/es\/wp-json\/wp\/v2\/media\/1403"}],"wp:attachment":[{"href":"http:\/\/nassempsicologos.com\/es\/wp-json\/wp\/v2\/media?parent=1323"}],"curies":[{"name":"wp","href":"https:\/\/api.w.org\/{rel}","templated":true}]}}